{"id":3496,"date":"2015-12-21T14:49:11","date_gmt":"2015-12-21T14:49:11","guid":{"rendered":"https:\/\/www.islandexcursionstenerife.com\/?page_id=3496"},"modified":"2020-02-27T12:17:49","modified_gmt":"2020-02-27T12:17:49","slug":"uber-uns","status":"publish","type":"page","link":"https:\/\/www.islandexcursionstenerife.com\/de\/uber-uns\/","title":{"rendered":"\u00dcBER UNS"},"content":{"rendered":"<p>[av_layerslider id=&#8217;26&#8216;]<\/p>\n<p>[av_section min_height=&#8220; min_height_px=&#8217;500px&#8216; padding=&#8217;default&#8216; shadow=&#8217;no-shadow&#8216; bottom_border=&#8217;no-border-styling&#8216; id=&#8217;sobre_nosotros&#8216; color=&#8217;main_color&#8216; custom_bg=&#8220; src=&#8220; attachment=&#8220; attachment_size=&#8220; attach=&#8217;scroll&#8216; position=&#8217;top left&#8216; repeat=&#8217;no-repeat&#8216; video=&#8220; video_ratio=&#8217;16:9&#8242; overlay_opacity=&#8217;0.5&#8242; overlay_color=&#8220; overlay_pattern=&#8220; overlay_custom_pattern=&#8220;]<br \/>\n[av_three_fifth first]<\/p>\n<p>[av_textblock size=&#8220; font_color=&#8220; color=&#8220;]<\/p>\n<p style=\"text-align: center;\"><strong>Sobre nosotros<\/strong><br \/>\nSomos una Agencia de Viajes con m\u00e1s de 25 a\u00f1os de experiencia en el sector tur\u00edstico. Pioneros en la organizaci\u00f3n de excursiones regulares, excursiones privadas, excursiones VIP, excursiones para grupos de estudiantes, excursiones para la tercera edad, transfer aeopuerto-hotel, congresos, grupos especiales, shows, parques tem\u00e1ticos, barcos, deportes acu\u00e1ticos , trekking y todo tipo de actividades que puedan realizarse en la isla.<br \/>\nNere Izerdie enfoca todo su esfuerzo en garantizar el mejor servicio para sus clientes, de forma personalizada y adapt\u00e1ndonos a todas las necesidades. Nos preocupa la satisfacci\u00f3n del cliente, por eso nuestros productos son inigualables tanto por la calidad de nuestros autobuses, como por la de nuestros gu\u00edas, que son el alma de nuestras excursiones. En ellas podr\u00e1n disfrutar de los paisajes volc\u00e1nicos y ex\u00f3ticos propios de esta isla y de la calidez de su gente.<br \/>\nNuestro objetivo es el bienestar del cliente, dar la mejor calidad y servicio. Esta meta la hemos conseguido y demostrado a\u00f1o tras a\u00f1o con nuestro empe\u00f1o y esfuerzo en ser los mejores.<br \/>\nQueremos que los viajeros se sientan mimados y satisfechos con Nere Izerdie.<\/p>\n<p>[\/av_textblock]<\/p>\n<p>[\/av_three_fifth]<br \/>\n[\/av_section]<\/p>\n<p>[av_hr class=&#8217;custom&#8216; height=&#8217;50&#8216; shadow=&#8217;no-shadow&#8216; position=&#8217;center&#8216; custom_border=&#8217;av-border-thin&#8216; custom_width=&#8217;100%&#8216; custom_border_color=&#8220; custom_margin_top=&#8217;0&#8242; custom_margin_bottom=&#8217;0&#8242; icon_select=&#8217;yes&#8216; custom_icon_color=&#8220; icon=&#8217;ue808&#8242; font=&#8217;entypo-fontello&#8216;]<\/p>\n<p>[av_section min_height=&#8220; min_height_px=&#8217;500px&#8216; padding=&#8217;default&#8216; shadow=&#8217;no-shadow&#8216; bottom_border=&#8217;no-border-styling&#8216; scroll_down=&#8220; id=&#8220; color=&#8217;main_color&#8216; custom_bg=&#8220; src=&#8220; attach=&#8217;scroll&#8216; position=&#8217;top left&#8216; repeat=&#8217;no-repeat&#8216; video=&#8220; video_ratio=&#8217;16:9&#8242; video_mobile_disabled=&#8220; overlay_enable=&#8220; overlay_opacity=&#8217;0.5&#8242; overlay_color=&#8220; overlay_pattern=&#8220; overlay_custom_pattern=&#8220;]<\/p>\n<p>[av_one_full first]<\/p>\n<p>[av_image src=&#8217;https:\/\/www.islandexcursionstenerife.com\/wp-content\/uploads\/2015\/12\/2018_COE_Logos_white-bkg_translations_en-US-UK-80&#215;80.jpg&#8216; attachment=&#8217;5219&#8242; attachment_size=&#8217;thumbnail&#8216; align=&#8217;center&#8216; animation=&#8217;no-animation&#8216; styling=&#8220; hover=&#8220; link=&#8220; target=&#8220; caption=&#8220; font_size=&#8220; appearance=&#8220; overlay_opacity=&#8217;0.4&#8242; overlay_color=&#8217;#000000&#8242; overlay_text_color=&#8217;#ffffff&#8216;][\/av_image]<\/p>\n<p>[av_textblock size=&#8220; font_color=&#8220; color=&#8220;]<\/p>\n<p style=\"text-align: center;\">Orgullosos de recibir certificados de excelencia de Tripadvisor<\/p>\n<p>[\/av_textblock]<\/p>\n<p>[\/av_one_full][\/av_section]<\/p>\n","protected":false},"excerpt":{"rendered":"<p>[av_layerslider id=&#8217;26&#8216;] [av_section min_height=&#8220; min_height_px=&#8217;500px&#8216; padding=&#8217;default&#8216; shadow=&#8217;no-shadow&#8216; bottom_border=&#8217;no-border-styling&#8216; id=&#8217;sobre_nosotros&#8216; color=&#8217;main_color&#8216; custom_bg=&#8220; src=&#8220; attachment=&#8220; attachment_size=&#8220; attach=&#8217;scroll&#8216; position=&#8217;top left&#8216; repeat=&#8217;no-repeat&#8216; video=&#8220; video_ratio=&#8217;16:9&#8242; overlay_opacity=&#8217;0.5&#8242; overlay_color=&#8220; overlay_pattern=&#8220; overlay_custom_pattern=&#8220;] [av_three_fifth first] [av_textblock size=&#8220; font_color=&#8220; color=&#8220;] Sobre nosotros Somos una Agencia de Viajes con m\u00e1s de 25 a\u00f1os de experiencia en el sector tur\u00edstico. Pioneros en la organizaci\u00f3n de excursiones regulares, [&hellip;]<\/p>\n","protected":false},"author":1,"featured_media":0,"parent":0,"menu_order":0,"comment_status":"closed","ping_status":"closed","template":"","meta":{"_et_pb_use_builder":"on","_et_pb_old_content":"","_et_gb_content_width":"","footnotes":""},"class_list":["post-3496","page","type-page","status-publish","hentry"],"aioseo_notices":[],"_links":{"self":[{"href":"https:\/\/www.islandexcursionstenerife.com\/de\/wp-json\/wp\/v2\/pages\/3496","targetHints":{"allow":["GET"]}}],"collection":[{"href":"https:\/\/www.islandexcursionstenerife.com\/de\/wp-json\/wp\/v2\/pages"}],"about":[{"href":"https:\/\/www.islandexcursionstenerife.com\/de\/wp-json\/wp\/v2\/types\/page"}],"author":[{"embeddable":true,"href":"https:\/\/www.islandexcursionstenerife.com\/de\/wp-json\/wp\/v2\/users\/1"}],"replies":[{"embeddable":true,"href":"https:\/\/www.islandexcursionstenerife.com\/de\/wp-json\/wp\/v2\/comments?post=3496"}],"version-history":[{"count":6,"href":"https:\/\/www.islandexcursionstenerife.com\/de\/wp-json\/wp\/v2\/pages\/3496\/revisions"}],"predecessor-version":[{"id":6148,"href":"https:\/\/www.islandexcursionstenerife.com\/de\/wp-json\/wp\/v2\/pages\/3496\/revisions\/6148"}],"wp:attachment":[{"href":"https:\/\/www.islandexcursionstenerife.com\/de\/wp-json\/wp\/v2\/media?parent=3496"}],"curies":[{"name":"wp","href":"https:\/\/api.w.org\/{rel}","templated":true}]}}