{"id":11734,"date":"2025-09-09T10:54:18","date_gmt":"2025-09-09T10:54:18","guid":{"rendered":"https:\/\/www.islandexcursionstenerife.com\/location-de-voitures-et-velos\/"},"modified":"2026-01-26T09:41:29","modified_gmt":"2026-01-26T09:41:29","slug":"voitures-scooters-velos","status":"publish","type":"page","link":"https:\/\/www.islandexcursionstenerife.com\/fr\/activites\/voitures-scooters-velos\/","title":{"rendered":"Location de voitures et v\u00e9los"},"content":{"rendered":"<p>[et_pb_section fb_built=\u00a0\u00bb1&Prime; _builder_version=\u00a0\u00bb4.27.4&Prime; _module_preset=\u00a0\u00bbdefault\u00a0\u00bb hover_enabled=\u00a0\u00bb0&Prime; global_colors_info=\u00a0\u00bb{}\u00a0\u00bb custom_margin_last_edited=\u00a0\u00bbon|tablet\u00a0\u00bb sticky_enabled=\u00a0\u00bb0&Prime; custom_margin_tablet=\u00a0\u00bb-60px||||false|false\u00a0\u00bb custom_margin_phone=\u00a0\u00bb-60px||||false|false\u00a0\u00bb][et_pb_row _builder_version=\u00a0\u00bb4.27.4&Prime; _module_preset=\u00a0\u00bbdefault\u00a0\u00bb global_colors_info=\u00a0\u00bb{}\u00a0\u00bb][et_pb_column type=\u00a0\u00bb4_4&Prime; _builder_version=\u00a0\u00bb4.27.4&Prime; _module_preset=\u00a0\u00bbdefault\u00a0\u00bb global_colors_info=\u00a0\u00bb{}\u00a0\u00bb][et_pb_post_title meta=\u00a0\u00bboff\u00a0\u00bb featured_image=\u00a0\u00bboff\u00a0\u00bb _builder_version=\u00a0\u00bb4.27.4&Prime; _module_preset=\u00a0\u00bbdefault\u00a0\u00bb title_font=\u00a0\u00bb|700|||||||\u00a0\u00bb title_text_color=\u00a0\u00bb#901E4A\u00a0\u00bb global_colors_info=\u00a0\u00bb{}\u00a0\u00bb][\/et_pb_post_title][et_pb_code _builder_version=\u00a0\u00bb4.27.4&Prime; _module_preset=\u00a0\u00bbdefault\u00a0\u00bb global_colors_info=\u00a0\u00bb{}\u00a0\u00bb]<style>\n\t\t.dos-columnas  { \n\t\t\tdisplay: flex;\n\t\t\tflex-direction: row;\n\t\t\tflex-wrap: wrap;\n\t\t\tgap: 26px;\n\t\t}\n\t\t\/*.dos-columnas > div  { \n\t\t\twidth: 23%;\n\t\t}*\/\n\t\t.estilosDIV{\n\t\t\tborder-radius: 20px 20px 20px 20px;\t\n\t\t\tpadding-bottom: 30px;\n\t\t\ttext-align: center;\n\t\t\t\/*border: solid 1px;*\/\n\t\t}\n\t\t.estilosDIV p{\n\t\t\ttext-align: justify;\n\t\t\tpadding: 10px 20px;\n\t\t}\n\t\t.boton-posts{\n\t\t\tborder-radius: 30px;\n\t\t\tletter-spacing: 1px;\n\t\t\tfont-size: 1rem;\n\t\t\tfont-weight: 700 !important;\n\t\t\tbackground-color: rgba(255, 255, 255, 0.6) !important;\n\t\t\tpadding: 10px 20px;\n\t\t\tfloat: right;\n\t\t\tmargin-right: 20px;\n\t\t}\n\t\t.boton-posts:hover{\n\t\t  box-shadow: 0 8px 16px 0 rgba(0,0,0,0.2), 0 6px 20px 0 rgba(0,0,0,0.19);\n\t\t }\n\t\t.imageDestacada {\n\t\t\tborder-radius: 20px 20px 0px 0px;\n\t\t\tmargin-bottom: 20px;\n\t\t}\n\t\t\n\t\t\t\t\t\n\t\t.card-categoria .titulo-fijo1 {\n\t\t\tposition: relative;\n\t\t\tz-index: 3;\n\t\t\tbackground: rgba(0, 0, 0, 0.5);\n\t\t\tcolor: white;\n\t\t\tfont-weight: bold;\n\t\t\tfont-size: 12px;\n\t\t\ttext-transform: uppercase;\n\t\t\ttext-align: center;\n\t\t\tpadding: 12px 10px;\n\t\t\tmargin-bottom: -32px;\n\t\t}\n\t\t\n\t\t.card-categoria:hover .descripcion-hover {\n    opacity: 1;\n}\n.card-categoria .descripcion-hover {\n    position: absolute;\n    inset: 0;\n    background-color: #901e4a;\n    color: white;\n    display: flex\n;\n    justify-content: center;\n    align-items: center;\n    text-align: center;\n    padding: 20px;\n    font-size: 15px;\n    line-height: 1.4;\n    opacity: 0;\n    z-index: 2;\n    transition: opacity 0.3s ease;\n}\n\t\t.card-categoria {\n    position: relative;\n    aspect-ratio: 1 \/ 1;\n    min-width: 250px;\n    min-height: 250px;\n    overflow: hidden;\n    border-radius: 10px;\n    display: flex;\n    flex-direction: column;\n    justify-content: flex-end;\n}\n.card-categoria img {\n    position: absolute;\n    top: 0;\n    left: 0;\n    width: 100%;\n    height: 100%;\n    object-fit: cover;\n    z-index: 1;\n    transition: transform 0.4s ease;\n}\n\n @media(max-width:600px){\n\t\t  .dos-columnas > div {\n\t\t\t\twidth: 48% !important;\n\t\t\t}\n\t\t\t.dos-columnas  { \n\t\t\t\tgap: 10px;\n\t\t\t}\n\t\t\t.card-categoria {\n\t\t\t\tmin-width: 130px !important;\n\t\t\t\tmin-height: 130px !important;\n\t\t\t}\n\t\t\t.descripcion-hover { display: none !important;}\n\t\t\t\n\t\t\t.card-categoria .titulo-fijo1 { line-height: 16px !important; }\n\t\t}\n\t\t  \n\t\t@media(max-width:981px){\n\t\t  .dos-columnas > div  { \n\t\t\twidth: 100%;\n\t\t\t}\n\t\t}\n\t\t\t\n\t\t\t\t\n\t\t<\/style><div class=\"dos-columnas\">\n\t\t\t\t \t\t\t\t<div class=\"card-categoria estilosDIV\">\n\t\t\t\t\t\t\t\t<a href=https:\/\/www.islandexcursionstenerife.com\/fr\/excursions\/atlantic-moto\/>\n\t\t\t\t\t\t\t  <img loading=\"lazy\" class=\"img-list\" decoding=\"async\" src=<img loading=\"lazy\" width=\"660\" height=\"533\" src=\"https:\/\/www.islandexcursionstenerife.com\/wp-content\/uploads\/2025\/12\/2023-04-10-1.png\" class=\"attachment-post-thumbnail size-post-thumbnail wp-post-image\" alt=\"\" srcset=\"https:\/\/www.islandexcursionstenerife.com\/wp-content\/uploads\/2025\/12\/2023-04-10-1.png 660w, https:\/\/www.islandexcursionstenerife.com\/wp-content\/uploads\/2025\/12\/2023-04-10-1-480x388.png 480w\" sizes=\"(min-width: 0px) and (max-width: 480px) 480px, (min-width: 481px) 660px, 100vw\" \/> \n\t\t\t\t\t\t\t  <div class=\"titulo-fijo1\">Atlantic moto<\/div><div class=\"descripcion-hover\">Explorez des paysages impressionnants et des lieux embl\u00e9matiques gr\u00e2ce \u00e0 nos itin\u00e9raires moto recommand\u00e9s. Des...<\/div>\n\t\t\t\t\t\t\t<\/a>\n\t\t\t\t\t\t\t<\/div>\n\t\t\t\t\t\t\t\n\t\t\t\t \t\t\t\t<div class=\"card-categoria estilosDIV\">\n\t\t\t\t\t\t\t\t<a href=https:\/\/www.islandexcursionstenerife.com\/fr\/excursions\/location-de-velos-a-tenerife\/>\n\t\t\t\t\t\t\t  <img loading=\"lazy\" class=\"img-list\" decoding=\"async\" src=<img loading=\"lazy\" width=\"421\" height=\"421\" src=\"https:\/\/www.islandexcursionstenerife.com\/wp-content\/uploads\/2020\/04\/rachel-martin-YZEGtY-3.png\" class=\"attachment-post-thumbnail size-post-thumbnail wp-post-image\" alt=\"\" srcset=\"https:\/\/www.islandexcursionstenerife.com\/wp-content\/uploads\/2020\/04\/rachel-martin-YZEGtY-3.png 421w, https:\/\/www.islandexcursionstenerife.com\/wp-content\/uploads\/2020\/04\/rachel-martin-YZEGtY-3-80x80.png 80w, https:\/\/www.islandexcursionstenerife.com\/wp-content\/uploads\/2020\/04\/rachel-martin-YZEGtY-3-300x300.png 300w, https:\/\/www.islandexcursionstenerife.com\/wp-content\/uploads\/2020\/04\/rachel-martin-YZEGtY-3-36x36.png 36w, https:\/\/www.islandexcursionstenerife.com\/wp-content\/uploads\/2020\/04\/rachel-martin-YZEGtY-3-180x180.png 180w, https:\/\/www.islandexcursionstenerife.com\/wp-content\/uploads\/2020\/04\/rachel-martin-YZEGtY-3-120x120.png 120w\" sizes=\"(max-width: 421px) 100vw, 421px\" \/> \n\t\t\t\t\t\t\t  <div class=\"titulo-fijo1\">Location de v\u00e9los \u00e0 Tenerife<\/div><div class=\"descripcion-hover\">Livraison rapide et gratuite de v\u00e9los \u00e9lectriques de loisirs de la plus haute qualit\u00e9....<\/div>\n\t\t\t\t\t\t\t<\/a>\n\t\t\t\t\t\t\t<\/div>\n\t\t\t\t\t\t\t\n\t\t\t\t \t\t\t\t<div class=\"card-categoria estilosDIV\">\n\t\t\t\t\t\t\t\t<a href=https:\/\/www.islandexcursionstenerife.com\/fr\/excursions\/scooter\/>\n\t\t\t\t\t\t\t  <img loading=\"lazy\" class=\"img-list\" decoding=\"async\" src=<img loading=\"lazy\" width=\"1063\" height=\"420\" src=\"https:\/\/www.islandexcursionstenerife.com\/wp-content\/uploads\/2020\/09\/WhatsApp-Image-2020-09-29-at-15.22.14-1.jpg\" class=\"attachment-post-thumbnail size-post-thumbnail wp-post-image\" alt=\"\" srcset=\"https:\/\/www.islandexcursionstenerife.com\/wp-content\/uploads\/2020\/09\/WhatsApp-Image-2020-09-29-at-15.22.14-1.jpg 1063w, https:\/\/www.islandexcursionstenerife.com\/wp-content\/uploads\/2020\/09\/WhatsApp-Image-2020-09-29-at-15.22.14-1-300x119.jpg 300w, https:\/\/www.islandexcursionstenerife.com\/wp-content\/uploads\/2020\/09\/WhatsApp-Image-2020-09-29-at-15.22.14-1-768x303.jpg 768w, https:\/\/www.islandexcursionstenerife.com\/wp-content\/uploads\/2020\/09\/WhatsApp-Image-2020-09-29-at-15.22.14-1-1030x407.jpg 1030w, https:\/\/www.islandexcursionstenerife.com\/wp-content\/uploads\/2020\/09\/WhatsApp-Image-2020-09-29-at-15.22.14-1-705x279.jpg 705w, https:\/\/www.islandexcursionstenerife.com\/wp-content\/uploads\/2020\/09\/WhatsApp-Image-2020-09-29-at-15.22.14-1-450x178.jpg 450w\" sizes=\"(max-width: 1063px) 100vw, 1063px\" \/> \n\t\t\t\t\t\t\t  <div class=\"titulo-fijo1\">SCOOTER<\/div><div class=\"descripcion-hover\">Louez un scooter pendant vos vacances...<\/div>\n\t\t\t\t\t\t\t<\/a>\n\t\t\t\t\t\t\t<\/div>\n\t\t\t\t\t\t\t\n\t\t\t\t \t\t\t\t<div class=\"card-categoria estilosDIV\">\n\t\t\t\t\t\t\t\t<a href=https:\/\/www.islandexcursionstenerife.com\/fr\/excursions\/mr-bike-descente\/>\n\t\t\t\t\t\t\t  <img loading=\"lazy\" class=\"img-list\" decoding=\"async\" src=<img loading=\"lazy\" width=\"600\" height=\"327\" src=\"https:\/\/www.islandexcursionstenerife.com\/wp-content\/uploads\/2020\/09\/producto-downhill-bike-tour-galeria-600x325.jpg\" class=\"attachment-post-thumbnail size-post-thumbnail wp-post-image\" alt=\"\" srcset=\"https:\/\/www.islandexcursionstenerife.com\/wp-content\/uploads\/2020\/09\/producto-downhill-bike-tour-galeria-600x325.jpg 600w, https:\/\/www.islandexcursionstenerife.com\/wp-content\/uploads\/2020\/09\/producto-downhill-bike-tour-galeria-600x325-300x164.jpg 300w, https:\/\/www.islandexcursionstenerife.com\/wp-content\/uploads\/2020\/09\/producto-downhill-bike-tour-galeria-600x325-450x245.jpg 450w\" sizes=\"(max-width: 600px) 100vw, 600px\" \/> \n\t\t\t\t\t\t\t  <div class=\"titulo-fijo1\">Mr Bike descente<\/div><div class=\"descripcion-hover\">Prise en charge et transport au point de d\u00e9part de l\u2019excursion...<\/div>\n\t\t\t\t\t\t\t<\/a>\n\t\t\t\t\t\t\t<\/div>\n\t\t\t\t\t\t\t\n<script>\n    console.log('Inject Prices Loaded');\n    const pricesJson = {\"https:\\\/\\\/www.islandexcursionstenerife.com\\\/fr\\\/excursions\\\/atlantic-moto\\\/\":40,\"https:\\\/\\\/www.islandexcursionstenerife.com\\\/fr\\\/excursions\\\/location-de-velos-a-tenerife\\\/\":18,\"https:\\\/\\\/www.islandexcursionstenerife.com\\\/fr\\\/excursions\\\/scooter\\\/\":29,\"https:\\\/\\\/www.islandexcursionstenerife.com\\\/fr\\\/excursions\\\/mr-bike-descente\\\/\":65};\n\n    for (const [url, price] of Object.entries(pricesJson)) {\n        console.log(`URL: ${url} - Price: ${price}`);\n        \n        const linkElements = document.querySelectorAll(`a[href=\"${url}\"]`);\n        linkElements.forEach(link => {\n            const cardCategoria = link.closest('.card-categoria');\n            const tituloFijo1 = link.querySelector('.titulo-fijo1');\n\n            if (cardCategoria && tituloFijo1) {\n                \/\/ Crear elemento separado para el precio\n                const precioDesde = document.createElement('div');\n                precioDesde.className = 'precio-desde-badge';\n                precioDesde.innerHTML = `<span style=\"text-transform: uppercase; font-weight: bold;\">From <span style=\"color: #fefe31; font-size: 14px;\">${price.toFixed(2)}\u20ac<\/span><\/span>`;\n                \n                \/\/ Crear wrapper para contener la tarjeta y el precio\n                const wrapper = document.createElement('div');\n                wrapper.className = 'precio-card-wrapper';\n                \n                \/\/ Insertar el wrapper antes de la tarjeta\n                cardCategoria.parentNode.insertBefore(wrapper, cardCategoria);\n                \n                \/\/ Mover la tarjeta dentro del wrapper\n                wrapper.appendChild(cardCategoria);\n                \n                \/\/ A\u00f1adir el precio al wrapper\n                wrapper.appendChild(precioDesde);\n            }\n        });\n    }\n<\/script>\n\n<style>\n    .precio-card-wrapper {\n        position: relative;\n        display: inline-block;\n        width: min-content;\n    }\n\n    .card-categoria {\n        z-index: 2;\n    }\n    \n    .precio-desde-badge {\n        margin: 0 10px;\n        position: relative;\n        background: #901E4A;\n        color: white;\n        padding: 6px 8px;\n        text-align: center;\n        font-size: 12px;\n        z-index: 1;\n        border-radius: 0 0 8px 8px;\n    }\n<\/style><\/div>[\/et_pb_code][et_pb_portfolio fullwidth=\u00a0\u00bboff\u00a0\u00bb include_categories=\u00a0\u00bb424&Prime; show_categories=\u00a0\u00bboff\u00a0\u00bb zoom_icon_color=\u00a0\u00bb#901E4A\u00a0\u00bb disabled_on=\u00a0\u00bbon|on|on\u00a0\u00bb _builder_version=\u00a0\u00bb4.27.4&Prime; _module_preset=\u00a0\u00bbdefault\u00a0\u00bb title_text_color=\u00a0\u00bb#901E4A\u00a0\u00bb caption_text_color=\u00a0\u00bb#000000&Prime; custom_padding=\u00a0\u00bb||10px||false|false\u00a0\u00bb border_radii=\u00a0\u00bbon|8px|8px|8px|8px\u00a0\u00bb border_width_all=\u00a0\u00bb1px\u00a0\u00bb border_color_all=\u00a0\u00bb#901E4A\u00a0\u00bb disabled=\u00a0\u00bbon\u00a0\u00bb global_colors_info=\u00a0\u00bb{}\u00a0\u00bb][\/et_pb_portfolio][\/et_pb_column][\/et_pb_row][\/et_pb_section]<\/p>\n","protected":false},"excerpt":{"rendered":"<style>\n\t\t.dos-columnas  { \n\t\t\tdisplay: flex;\n\t\t\tflex-direction: row;\n\t\t\tflex-wrap: wrap;\n\t\t\tgap: 26px;\n\t\t}\n\t\t\/*.dos-columnas > div  { \n\t\t\twidth: 23%;\n\t\t}*\/\n\t\t.estilosDIV{\n\t\t\tborder-radius: 20px 20px 20px 20px;\t\n\t\t\tpadding-bottom: 30px;\n\t\t\ttext-align: center;\n\t\t\t\/*border: solid 1px;*\/\n\t\t}\n\t\t.estilosDIV p{\n\t\t\ttext-align: justify;\n\t\t\tpadding: 10px 20px;\n\t\t}\n\t\t.boton-posts{\n\t\t\tborder-radius: 30px;\n\t\t\tletter-spacing: 1px;\n\t\t\tfont-size: 1rem;\n\t\t\tfont-weight: 700 !important;\n\t\t\tbackground-color: rgba(255, 255, 255, 0.6) !important;\n\t\t\tpadding: 10px 20px;\n\t\t\tfloat: right;\n\t\t\tmargin-right: 20px;\n\t\t}\n\t\t.boton-posts:hover{\n\t\t  box-shadow: 0 8px 16px 0 rgba(0,0,0,0.2), 0 6px 20px 0 rgba(0,0,0,0.19);\n\t\t }\n\t\t.imageDestacada {\n\t\t\tborder-radius: 20px 20px 0px 0px;\n\t\t\tmargin-bottom: 20px;\n\t\t}\n\t\t\n\t\t\t\t\t\n\t\t.card-categoria .titulo-fijo1 {\n\t\t\tposition: relative;\n\t\t\tz-index: 3;\n\t\t\tbackground: rgba(0, 0, 0, 0.5);\n\t\t\tcolor: white;\n\t\t\tfont-weight: bold;\n\t\t\tfont-size: 12px;\n\t\t\ttext-transform: uppercase;\n\t\t\ttext-align: center;\n\t\t\tpadding: 12px 10px;\n\t\t\tmargin-bottom: -32px;\n\t\t}\n\t\t\n\t\t.card-categoria:hover .descripcion-hover {\n    opacity: 1;\n}\n.card-categoria .descripcion-hover {\n    position: absolute;\n    inset: 0;\n    background-color: #901e4a;\n    color: white;\n    display: flex\n;\n    justify-content: center;\n    align-items: center;\n    text-align: center;\n    padding: 20px;\n    font-size: 15px;\n    line-height: 1.4;\n    opacity: 0;\n    z-index: 2;\n    transition: opacity 0.3s ease;\n}\n\t\t.card-categoria {\n    position: relative;\n    aspect-ratio: 1 \/ 1;\n    min-width: 250px;\n    min-height: 250px;\n    overflow: hidden;\n    border-radius: 10px;\n    display: flex;\n    flex-direction: column;\n    justify-content: flex-end;\n}\n.card-categoria img {\n    position: absolute;\n    top: 0;\n    left: 0;\n    width: 100%;\n    height: 100%;\n    object-fit: cover;\n    z-index: 1;\n    transition: transform 0.4s ease;\n}\n\n @media(max-width:600px){\n\t\t  .dos-columnas > div {\n\t\t\t\twidth: 48% !important;\n\t\t\t}\n\t\t\t.dos-columnas  { \n\t\t\t\tgap: 10px;\n\t\t\t}\n\t\t\t.card-categoria {\n\t\t\t\tmin-width: 130px !important;\n\t\t\t\tmin-height: 130px !important;\n\t\t\t}\n\t\t\t.descripcion-hover { display: none !important;}\n\t\t\t\n\t\t\t.card-categoria .titulo-fijo1 { line-height: 16px !important; }\n\t\t}\n\t\t  \n\t\t@media(max-width:981px){\n\t\t  .dos-columnas > div  { \n\t\t\twidth: 100%;\n\t\t\t}\n\t\t}\n\t\t\t\n\t\t\t\t\n\t\t<\/style><div class=\"dos-columnas\">\n\t\t\t\t \t\t\t\t<div class=\"card-categoria estilosDIV\">\n\t\t\t\t\t\t\t\t<a href=https:\/\/www.islandexcursionstenerife.com\/fr\/excursions\/atlantic-moto\/>\n\t\t\t\t\t\t\t  <img class=\"img-list\" decoding=\"async\" src=<img width=\"660\" height=\"533\" src=\"https:\/\/www.islandexcursionstenerife.com\/wp-content\/uploads\/2025\/12\/2023-04-10-1.png\" class=\"attachment-post-thumbnail size-post-thumbnail wp-post-image\" alt=\"\" decoding=\"async\" loading=\"lazy\" srcset=\"https:\/\/www.islandexcursionstenerife.com\/wp-content\/uploads\/2025\/12\/2023-04-10-1.png 660w, https:\/\/www.islandexcursionstenerife.com\/wp-content\/uploads\/2025\/12\/2023-04-10-1-480x388.png 480w\" sizes=\"(min-width: 0px) and (max-width: 480px) 480px, (min-width: 481px) 660px, 100vw\" \/> \n\t\t\t\t\t\t\t  <div class=\"titulo-fijo1\">Atlantic moto<\/div><div class=\"descripcion-hover\">Explorez des paysages impressionnants et des lieux embl\u00e9matiques gr\u00e2ce \u00e0 nos itin\u00e9raires moto recommand\u00e9s. Des...<\/div>\n\t\t\t\t\t\t\t<\/a>\n\t\t\t\t\t\t\t<\/div>\n\t\t\t\t\t\t\t\n\t\t\t\t \t\t\t\t<div class=\"card-categoria estilosDIV\">\n\t\t\t\t\t\t\t\t<a href=https:\/\/www.islandexcursionstenerife.com\/fr\/excursions\/location-de-velos-a-tenerife\/>\n\t\t\t\t\t\t\t  <img class=\"img-list\" decoding=\"async\" src=<img width=\"421\" height=\"421\" src=\"https:\/\/www.islandexcursionstenerife.com\/wp-content\/uploads\/2020\/04\/rachel-martin-YZEGtY-3.png\" class=\"attachment-post-thumbnail size-post-thumbnail wp-post-image\" alt=\"\" decoding=\"async\" loading=\"lazy\" srcset=\"https:\/\/www.islandexcursionstenerife.com\/wp-content\/uploads\/2020\/04\/rachel-martin-YZEGtY-3.png 421w, https:\/\/www.islandexcursionstenerife.com\/wp-content\/uploads\/2020\/04\/rachel-martin-YZEGtY-3-80x80.png 80w, https:\/\/www.islandexcursionstenerife.com\/wp-content\/uploads\/2020\/04\/rachel-martin-YZEGtY-3-300x300.png 300w, https:\/\/www.islandexcursionstenerife.com\/wp-content\/uploads\/2020\/04\/rachel-martin-YZEGtY-3-36x36.png 36w, https:\/\/www.islandexcursionstenerife.com\/wp-content\/uploads\/2020\/04\/rachel-martin-YZEGtY-3-180x180.png 180w, https:\/\/www.islandexcursionstenerife.com\/wp-content\/uploads\/2020\/04\/rachel-martin-YZEGtY-3-120x120.png 120w\" sizes=\"(max-width: 421px) 100vw, 421px\" \/> \n\t\t\t\t\t\t\t  <div class=\"titulo-fijo1\">Location de v\u00e9los \u00e0 Tenerife<\/div><div class=\"descripcion-hover\">Livraison rapide et gratuite de v\u00e9los \u00e9lectriques de loisirs de la plus haute qualit\u00e9....<\/div>\n\t\t\t\t\t\t\t<\/a>\n\t\t\t\t\t\t\t<\/div>\n\t\t\t\t\t\t\t\n\t\t\t\t \t\t\t\t<div class=\"card-categoria estilosDIV\">\n\t\t\t\t\t\t\t\t<a href=https:\/\/www.islandexcursionstenerife.com\/fr\/excursions\/scooter\/>\n\t\t\t\t\t\t\t  <img class=\"img-list\" decoding=\"async\" src=<img width=\"1063\" height=\"420\" src=\"https:\/\/www.islandexcursionstenerife.com\/wp-content\/uploads\/2020\/09\/WhatsApp-Image-2020-09-29-at-15.22.14-1.jpg\" class=\"attachment-post-thumbnail size-post-thumbnail wp-post-image\" alt=\"\" decoding=\"async\" loading=\"lazy\" srcset=\"https:\/\/www.islandexcursionstenerife.com\/wp-content\/uploads\/2020\/09\/WhatsApp-Image-2020-09-29-at-15.22.14-1.jpg 1063w, https:\/\/www.islandexcursionstenerife.com\/wp-content\/uploads\/2020\/09\/WhatsApp-Image-2020-09-29-at-15.22.14-1-300x119.jpg 300w, https:\/\/www.islandexcursionstenerife.com\/wp-content\/uploads\/2020\/09\/WhatsApp-Image-2020-09-29-at-15.22.14-1-768x303.jpg 768w, https:\/\/www.islandexcursionstenerife.com\/wp-content\/uploads\/2020\/09\/WhatsApp-Image-2020-09-29-at-15.22.14-1-1030x407.jpg 1030w, https:\/\/www.islandexcursionstenerife.com\/wp-content\/uploads\/2020\/09\/WhatsApp-Image-2020-09-29-at-15.22.14-1-705x279.jpg 705w, https:\/\/www.islandexcursionstenerife.com\/wp-content\/uploads\/2020\/09\/WhatsApp-Image-2020-09-29-at-15.22.14-1-450x178.jpg 450w\" sizes=\"(max-width: 1063px) 100vw, 1063px\" \/> \n\t\t\t\t\t\t\t  <div class=\"titulo-fijo1\">SCOOTER<\/div><div class=\"descripcion-hover\">Louez un scooter pendant vos vacances...<\/div>\n\t\t\t\t\t\t\t<\/a>\n\t\t\t\t\t\t\t<\/div>\n\t\t\t\t\t\t\t\n\t\t\t\t \t\t\t\t<div class=\"card-categoria estilosDIV\">\n\t\t\t\t\t\t\t\t<a href=https:\/\/www.islandexcursionstenerife.com\/fr\/excursions\/mr-bike-descente\/>\n\t\t\t\t\t\t\t  <img class=\"img-list\" decoding=\"async\" src=<img width=\"600\" height=\"327\" src=\"https:\/\/www.islandexcursionstenerife.com\/wp-content\/uploads\/2020\/09\/producto-downhill-bike-tour-galeria-600x325.jpg\" class=\"attachment-post-thumbnail size-post-thumbnail wp-post-image\" alt=\"\" decoding=\"async\" loading=\"lazy\" srcset=\"https:\/\/www.islandexcursionstenerife.com\/wp-content\/uploads\/2020\/09\/producto-downhill-bike-tour-galeria-600x325.jpg 600w, https:\/\/www.islandexcursionstenerife.com\/wp-content\/uploads\/2020\/09\/producto-downhill-bike-tour-galeria-600x325-300x164.jpg 300w, https:\/\/www.islandexcursionstenerife.com\/wp-content\/uploads\/2020\/09\/producto-downhill-bike-tour-galeria-600x325-450x245.jpg 450w\" sizes=\"(max-width: 600px) 100vw, 600px\" \/> \n\t\t\t\t\t\t\t  <div class=\"titulo-fijo1\">Mr Bike descente<\/div><div class=\"descripcion-hover\">Prise en charge et transport au point de d\u00e9part de l\u2019excursion...<\/div>\n\t\t\t\t\t\t\t<\/a>\n\t\t\t\t\t\t\t<\/div>\n\t\t\t\t\t\t\t\n<script>\n    console.log('Inject Prices Loaded');\n    const pricesJson = {\"https:\\\/\\\/www.islandexcursionstenerife.com\\\/fr\\\/excursions\\\/atlantic-moto\\\/\":40,\"https:\\\/\\\/www.islandexcursionstenerife.com\\\/fr\\\/excursions\\\/location-de-velos-a-tenerife\\\/\":18,\"https:\\\/\\\/www.islandexcursionstenerife.com\\\/fr\\\/excursions\\\/scooter\\\/\":29,\"https:\\\/\\\/www.islandexcursionstenerife.com\\\/fr\\\/excursions\\\/mr-bike-descente\\\/\":65};\n\n    for (const [url, price] of Object.entries(pricesJson)) {\n        console.log(`URL: ${url} - Price: ${price}`);\n        \n        const linkElements = document.querySelectorAll(`a[href=\"${url}\"]`);\n        linkElements.forEach(link => {\n            const cardCategoria = link.closest('.card-categoria');\n            const tituloFijo1 = link.querySelector('.titulo-fijo1');\n\n            if (cardCategoria && tituloFijo1) {\n                \/\/ Crear elemento separado para el precio\n                const precioDesde = document.createElement('div');\n                precioDesde.className = 'precio-desde-badge';\n                precioDesde.innerHTML = `<span style=\"text-transform: uppercase; font-weight: bold;\">From <span style=\"color: #fefe31; font-size: 14px;\">${price.toFixed(2)}\u20ac<\/span><\/span>`;\n                \n                \/\/ Crear wrapper para contener la tarjeta y el precio\n                const wrapper = document.createElement('div');\n                wrapper.className = 'precio-card-wrapper';\n                \n                \/\/ Insertar el wrapper antes de la tarjeta\n                cardCategoria.parentNode.insertBefore(wrapper, cardCategoria);\n                \n                \/\/ Mover la tarjeta dentro del wrapper\n                wrapper.appendChild(cardCategoria);\n                \n                \/\/ A\u00f1adir el precio al wrapper\n                wrapper.appendChild(precioDesde);\n            }\n        });\n    }\n<\/script>\n\n<style>\n    .precio-card-wrapper {\n        position: relative;\n        display: inline-block;\n        width: min-content;\n    }\n\n    .card-categoria {\n        z-index: 2;\n    }\n    \n    .precio-desde-badge {\n        margin: 0 10px;\n        position: relative;\n        background: #901E4A;\n        color: white;\n        padding: 6px 8px;\n        text-align: center;\n        font-size: 12px;\n        z-index: 1;\n        border-radius: 0 0 8px 8px;\n    }\n<\/style><\/div>\n","protected":false},"author":1,"featured_media":0,"parent":11778,"menu_order":0,"comment_status":"closed","ping_status":"closed","template":"","meta":{"_et_pb_use_builder":"on","_et_pb_old_content":"","_et_gb_content_width":"","footnotes":""},"class_list":["post-11734","page","type-page","status-publish","hentry"],"aioseo_notices":[],"_links":{"self":[{"href":"https:\/\/www.islandexcursionstenerife.com\/fr\/wp-json\/wp\/v2\/pages\/11734","targetHints":{"allow":["GET"]}}],"collection":[{"href":"https:\/\/www.islandexcursionstenerife.com\/fr\/wp-json\/wp\/v2\/pages"}],"about":[{"href":"https:\/\/www.islandexcursionstenerife.com\/fr\/wp-json\/wp\/v2\/types\/page"}],"author":[{"embeddable":true,"href":"https:\/\/www.islandexcursionstenerife.com\/fr\/wp-json\/wp\/v2\/users\/1"}],"replies":[{"embeddable":true,"href":"https:\/\/www.islandexcursionstenerife.com\/fr\/wp-json\/wp\/v2\/comments?post=11734"}],"version-history":[{"count":6,"href":"https:\/\/www.islandexcursionstenerife.com\/fr\/wp-json\/wp\/v2\/pages\/11734\/revisions"}],"predecessor-version":[{"id":11760,"href":"https:\/\/www.islandexcursionstenerife.com\/fr\/wp-json\/wp\/v2\/pages\/11734\/revisions\/11760"}],"up":[{"embeddable":true,"href":"https:\/\/www.islandexcursionstenerife.com\/fr\/wp-json\/wp\/v2\/pages\/11778"}],"wp:attachment":[{"href":"https:\/\/www.islandexcursionstenerife.com\/fr\/wp-json\/wp\/v2\/media?parent=11734"}],"curies":[{"name":"wp","href":"https:\/\/api.w.org\/{rel}","templated":true}]}}