{"id":11964,"date":"2025-09-10T06:36:36","date_gmt":"2025-09-10T06:36:36","guid":{"rendered":"https:\/\/www.islandexcursionstenerife.com\/projets\/observatoire-et-telepherique\/"},"modified":"2026-01-26T09:39:26","modified_gmt":"2026-01-26T09:39:26","slug":"observatorio-teleferico-fr","status":"publish","type":"page","link":"https:\/\/www.islandexcursionstenerife.com\/fr\/activites\/observatorio-teleferico-fr\/","title":{"rendered":"Observatoire et t\u00e9l\u00e9ph\u00e9rique"},"content":{"rendered":"<p>[et_pb_section fb_built=\u00a0\u00bb1&Prime; _builder_version=\u00a0\u00bb4.27.4&Prime; _module_preset=\u00a0\u00bbdefault\u00a0\u00bb hover_enabled=\u00a0\u00bb0&Prime; global_colors_info=\u00a0\u00bb{}\u00a0\u00bb custom_margin_last_edited=\u00a0\u00bbon|tablet\u00a0\u00bb sticky_enabled=\u00a0\u00bb0&Prime; custom_margin_tablet=\u00a0\u00bb-60px||||false|false\u00a0\u00bb custom_margin_phone=\u00a0\u00bb-60px||||false|false\u00a0\u00bb][et_pb_row _builder_version=\u00a0\u00bb4.27.4&Prime; _module_preset=\u00a0\u00bbdefault\u00a0\u00bb global_colors_info=\u00a0\u00bb{}\u00a0\u00bb][et_pb_column type=\u00a0\u00bb4_4&Prime; _builder_version=\u00a0\u00bb4.27.4&Prime; _module_preset=\u00a0\u00bbdefault\u00a0\u00bb global_colors_info=\u00a0\u00bb{}\u00a0\u00bb][et_pb_post_title meta=\u00a0\u00bboff\u00a0\u00bb featured_image=\u00a0\u00bboff\u00a0\u00bb _builder_version=\u00a0\u00bb4.27.4&Prime; _module_preset=\u00a0\u00bbdefault\u00a0\u00bb title_font=\u00a0\u00bb|700|||||||\u00a0\u00bb title_text_color=\u00a0\u00bb#901E4A\u00a0\u00bb global_colors_info=\u00a0\u00bb{}\u00a0\u00bb][\/et_pb_post_title][et_pb_code _builder_version=\u00a0\u00bb4.27.4&Prime; _module_preset=\u00a0\u00bbdefault\u00a0\u00bb global_colors_info=\u00a0\u00bb{}\u00a0\u00bb]<style>\n\t\t.dos-columnas  { \n\t\t\tdisplay: flex;\n\t\t\tflex-direction: row;\n\t\t\tflex-wrap: wrap;\n\t\t\tgap: 26px;\n\t\t}\n\t\t\/*.dos-columnas > div  { \n\t\t\twidth: 23%;\n\t\t}*\/\n\t\t.estilosDIV{\n\t\t\tborder-radius: 20px 20px 20px 20px;\t\n\t\t\tpadding-bottom: 30px;\n\t\t\ttext-align: center;\n\t\t\t\/*border: solid 1px;*\/\n\t\t}\n\t\t.estilosDIV p{\n\t\t\ttext-align: justify;\n\t\t\tpadding: 10px 20px;\n\t\t}\n\t\t.boton-posts{\n\t\t\tborder-radius: 30px;\n\t\t\tletter-spacing: 1px;\n\t\t\tfont-size: 1rem;\n\t\t\tfont-weight: 700 !important;\n\t\t\tbackground-color: rgba(255, 255, 255, 0.6) !important;\n\t\t\tpadding: 10px 20px;\n\t\t\tfloat: right;\n\t\t\tmargin-right: 20px;\n\t\t}\n\t\t.boton-posts:hover{\n\t\t  box-shadow: 0 8px 16px 0 rgba(0,0,0,0.2), 0 6px 20px 0 rgba(0,0,0,0.19);\n\t\t }\n\t\t.imageDestacada {\n\t\t\tborder-radius: 20px 20px 0px 0px;\n\t\t\tmargin-bottom: 20px;\n\t\t}\n\t\t\n\t\t\t\t\t\n\t\t.card-categoria .titulo-fijo1 {\n\t\t\tposition: relative;\n\t\t\tz-index: 3;\n\t\t\tbackground: rgba(0, 0, 0, 0.5);\n\t\t\tcolor: white;\n\t\t\tfont-weight: bold;\n\t\t\tfont-size: 12px;\n\t\t\ttext-transform: uppercase;\n\t\t\ttext-align: center;\n\t\t\tpadding: 12px 10px;\n\t\t\tmargin-bottom: -32px;\n\t\t}\n\t\t\n\t\t.card-categoria:hover .descripcion-hover {\n    opacity: 1;\n}\n.card-categoria .descripcion-hover {\n    position: absolute;\n    inset: 0;\n    background-color: #901e4a;\n    color: white;\n    display: flex\n;\n    justify-content: center;\n    align-items: center;\n    text-align: center;\n    padding: 20px;\n    font-size: 15px;\n    line-height: 1.4;\n    opacity: 0;\n    z-index: 2;\n    transition: opacity 0.3s ease;\n}\n\t\t.card-categoria {\n    position: relative;\n    aspect-ratio: 1 \/ 1;\n    min-width: 250px;\n    min-height: 250px;\n    overflow: hidden;\n    border-radius: 10px;\n    display: flex;\n    flex-direction: column;\n    justify-content: flex-end;\n}\n.card-categoria img {\n    position: absolute;\n    top: 0;\n    left: 0;\n    width: 100%;\n    height: 100%;\n    object-fit: cover;\n    z-index: 1;\n    transition: transform 0.4s ease;\n}\n\n @media(max-width:600px){\n\t\t  .dos-columnas > div {\n\t\t\t\twidth: 48% !important;\n\t\t\t}\n\t\t\t.dos-columnas  { \n\t\t\t\tgap: 10px;\n\t\t\t}\n\t\t\t.card-categoria {\n\t\t\t\tmin-width: 130px !important;\n\t\t\t\tmin-height: 130px !important;\n\t\t\t}\n\t\t\t.descripcion-hover { display: none !important;}\n\t\t\t\n\t\t\t.card-categoria .titulo-fijo1 { line-height: 16px !important; }\n\t\t}\n\t\t  \n\t\t@media(max-width:981px){\n\t\t  .dos-columnas > div  { \n\t\t\twidth: 100%;\n\t\t\t}\n\t\t}\n\t\t\t\n\t\t\t\t\n\t\t<\/style><div class=\"dos-columnas\">\n\t\t\t\t \t\t\t\t<div class=\"card-categoria estilosDIV\">\n\t\t\t\t\t\t\t\t<a href=https:\/\/www.islandexcursionstenerife.com\/fr\/excursions\/teide-galaxy-by-night\/>\n\t\t\t\t\t\t\t  <img loading=\"lazy\" class=\"img-list\" decoding=\"async\" src=<img loading=\"lazy\" width=\"2127\" height=\"1409\" src=\"https:\/\/www.islandexcursionstenerife.com\/wp-content\/uploads\/2025\/12\/fondo_sup.jpg\" class=\"attachment-post-thumbnail size-post-thumbnail wp-post-image\" alt=\"\" srcset=\"https:\/\/www.islandexcursionstenerife.com\/wp-content\/uploads\/2025\/12\/fondo_sup.jpg 2127w, https:\/\/www.islandexcursionstenerife.com\/wp-content\/uploads\/2025\/12\/fondo_sup-1280x848.jpg 1280w, https:\/\/www.islandexcursionstenerife.com\/wp-content\/uploads\/2025\/12\/fondo_sup-980x649.jpg 980w, https:\/\/www.islandexcursionstenerife.com\/wp-content\/uploads\/2025\/12\/fondo_sup-480x318.jpg 480w\" sizes=\"(min-width: 0px) and (max-width: 480px) 480px, (min-width: 481px) and (max-width: 980px) 980px, (min-width: 981px) and (max-width: 1280px) 1280px, (min-width: 1281px) 2127px, 100vw\" \/> \n\t\t\t\t\t\t\t  <div class=\"titulo-fijo1\">Teide Galaxy by night<\/div><div class=\"descripcion-hover\">Visitez le Teide de nuit et profitez d'une observation astronomique....<\/div>\n\t\t\t\t\t\t\t<\/a>\n\t\t\t\t\t\t\t<\/div>\n\t\t\t\t\t\t\t\n\t\t\t\t \t\t\t\t<div class=\"card-categoria estilosDIV\">\n\t\t\t\t\t\t\t\t<a href=https:\/\/www.islandexcursionstenerife.com\/fr\/excursions\/teide-by-night\/>\n\t\t\t\t\t\t\t  <img loading=\"lazy\" class=\"img-list\" decoding=\"async\" src=<img loading=\"lazy\" width=\"660\" height=\"715\" src=\"https:\/\/www.islandexcursionstenerife.com\/wp-content\/uploads\/2025\/11\/2025-09-03.png\" class=\"attachment-post-thumbnail size-post-thumbnail wp-post-image\" alt=\"\" srcset=\"https:\/\/www.islandexcursionstenerife.com\/wp-content\/uploads\/2025\/11\/2025-09-03.png 660w, https:\/\/www.islandexcursionstenerife.com\/wp-content\/uploads\/2025\/11\/2025-09-03-480x520.png 480w\" sizes=\"(min-width: 0px) and (max-width: 480px) 480px, (min-width: 481px) 660px, 100vw\" \/> \n\t\t\t\t\t\t\t  <div class=\"titulo-fijo1\">Teide by night<\/div><div class=\"descripcion-hover\">Visitez le Teide de nuit et profitez d'une observation astronomique....<\/div>\n\t\t\t\t\t\t\t<\/a>\n\t\t\t\t\t\t\t<\/div>\n\t\t\t\t\t\t\t\n\t\t\t\t \t\t\t\t<div class=\"card-categoria estilosDIV\">\n\t\t\t\t\t\t\t\t<a href=https:\/\/www.islandexcursionstenerife.com\/fr\/excursions\/night-skies-tenerife\/>\n\t\t\t\t\t\t\t  <img loading=\"lazy\" class=\"img-list\" decoding=\"async\" src=<img loading=\"lazy\" width=\"1919\" height=\"1156\" src=\"https:\/\/www.islandexcursionstenerife.com\/wp-content\/uploads\/2022\/01\/Star_gazing_Teide-e1641834823330.jpg\" class=\"attachment-post-thumbnail size-post-thumbnail wp-post-image\" alt=\"\" srcset=\"https:\/\/www.islandexcursionstenerife.com\/wp-content\/uploads\/2022\/01\/Star_gazing_Teide-e1641834823330.jpg 1919w, https:\/\/www.islandexcursionstenerife.com\/wp-content\/uploads\/2022\/01\/Star_gazing_Teide-e1641834823330-300x181.jpg 300w, https:\/\/www.islandexcursionstenerife.com\/wp-content\/uploads\/2022\/01\/Star_gazing_Teide-e1641834823330-768x463.jpg 768w, https:\/\/www.islandexcursionstenerife.com\/wp-content\/uploads\/2022\/01\/Star_gazing_Teide-e1641834823330-1030x620.jpg 1030w, https:\/\/www.islandexcursionstenerife.com\/wp-content\/uploads\/2022\/01\/Star_gazing_Teide-e1641834823330-1500x904.jpg 1500w, https:\/\/www.islandexcursionstenerife.com\/wp-content\/uploads\/2022\/01\/Star_gazing_Teide-e1641834823330-705x425.jpg 705w, https:\/\/www.islandexcursionstenerife.com\/wp-content\/uploads\/2022\/01\/Star_gazing_Teide-e1641834823330-450x271.jpg 450w\" sizes=\"(max-width: 1919px) 100vw, 1919px\" \/> \n\t\t\t\t\t\t\t  <div class=\"titulo-fijo1\">NIGHT SKIES TENERIFE<\/div><div class=\"descripcion-hover\">Night Sky Star Safari vous offre une fa\u00e7on amusante et passionnante d\u2019explorer notre Univers depuis les montagne...<\/div>\n\t\t\t\t\t\t\t<\/a>\n\t\t\t\t\t\t\t<\/div>\n\t\t\t\t\t\t\t\n\t\t\t\t \t\t\t\t<div class=\"card-categoria estilosDIV\">\n\t\t\t\t\t\t\t\t<a href=https:\/\/www.islandexcursionstenerife.com\/fr\/excursions\/teide-parc-national\/>\n\t\t\t\t\t\t\t  <img loading=\"lazy\" class=\"img-list\" decoding=\"async\" src=<img loading=\"lazy\" width=\"1888\" height=\"600\" src=\"https:\/\/www.islandexcursionstenerife.com\/wp-content\/uploads\/2018\/03\/teide.jpg\" class=\"attachment-post-thumbnail size-post-thumbnail wp-post-image\" alt=\"\" srcset=\"https:\/\/www.islandexcursionstenerife.com\/wp-content\/uploads\/2018\/03\/teide.jpg 1888w, https:\/\/www.islandexcursionstenerife.com\/wp-content\/uploads\/2018\/03\/teide-980x311.jpg 980w, https:\/\/www.islandexcursionstenerife.com\/wp-content\/uploads\/2018\/03\/teide-480x153.jpg 480w\" sizes=\"(min-width: 0px) and (max-width: 480px) 480px, (min-width: 481px) and (max-width: 980px) 980px, (min-width: 981px) 1888px, 100vw\" \/> \n\t\t\t\t\t\t\t  <div class=\"titulo-fijo1\">TEIDE PARC NATIONAL<\/div><div class=\"descripcion-hover\">Nous viendrons vous chercher en bus \u00e0 votre arr\u00eat et nous prendrons la route vers le parc national du Teide en fa...<\/div>\n\t\t\t\t\t\t\t<\/a>\n\t\t\t\t\t\t\t<\/div>\n\t\t\t\t\t\t\t\n<script>\n    console.log('Inject Prices Loaded');\n    const pricesJson = {\"https:\\\/\\\/www.islandexcursionstenerife.com\\\/fr\\\/excursions\\\/teide-galaxy-by-night\\\/\":99,\"https:\\\/\\\/www.islandexcursionstenerife.com\\\/fr\\\/excursions\\\/teide-by-night\\\/\":89,\"https:\\\/\\\/www.islandexcursionstenerife.com\\\/fr\\\/excursions\\\/night-skies-tenerife\\\/\":89,\"https:\\\/\\\/www.islandexcursionstenerife.com\\\/fr\\\/excursions\\\/teide-parc-national\\\/\":39};\n\n    for (const [url, price] of Object.entries(pricesJson)) {\n        console.log(`URL: ${url} - Price: ${price}`);\n        \n        const linkElements = document.querySelectorAll(`a[href=\"${url}\"]`);\n        linkElements.forEach(link => {\n            const cardCategoria = link.closest('.card-categoria');\n            const tituloFijo1 = link.querySelector('.titulo-fijo1');\n\n            if (cardCategoria && tituloFijo1) {\n                \/\/ Crear elemento separado para el precio\n                const precioDesde = document.createElement('div');\n                precioDesde.className = 'precio-desde-badge';\n                precioDesde.innerHTML = `<span style=\"text-transform: uppercase; font-weight: bold;\">From <span style=\"color: #fefe31; font-size: 14px;\">${price.toFixed(2)}\u20ac<\/span><\/span>`;\n                \n                \/\/ Crear wrapper para contener la tarjeta y el precio\n                const wrapper = document.createElement('div');\n                wrapper.className = 'precio-card-wrapper';\n                \n                \/\/ Insertar el wrapper antes de la tarjeta\n                cardCategoria.parentNode.insertBefore(wrapper, cardCategoria);\n                \n                \/\/ Mover la tarjeta dentro del wrapper\n                wrapper.appendChild(cardCategoria);\n                \n                \/\/ A\u00f1adir el precio al wrapper\n                wrapper.appendChild(precioDesde);\n            }\n        });\n    }\n<\/script>\n\n<style>\n    .precio-card-wrapper {\n        position: relative;\n        display: inline-block;\n        width: min-content;\n    }\n\n    .card-categoria {\n        z-index: 2;\n    }\n    \n    .precio-desde-badge {\n        margin: 0 10px;\n        position: relative;\n        background: #901E4A;\n        color: white;\n        padding: 6px 8px;\n        text-align: center;\n        font-size: 12px;\n        z-index: 1;\n        border-radius: 0 0 8px 8px;\n    }\n<\/style><\/div>[\/et_pb_code][\/et_pb_column][\/et_pb_row][\/et_pb_section]<\/p>\n","protected":false},"excerpt":{"rendered":"<style>\n\t\t.dos-columnas  { \n\t\t\tdisplay: flex;\n\t\t\tflex-direction: row;\n\t\t\tflex-wrap: wrap;\n\t\t\tgap: 26px;\n\t\t}\n\t\t\/*.dos-columnas > div  { \n\t\t\twidth: 23%;\n\t\t}*\/\n\t\t.estilosDIV{\n\t\t\tborder-radius: 20px 20px 20px 20px;\t\n\t\t\tpadding-bottom: 30px;\n\t\t\ttext-align: center;\n\t\t\t\/*border: solid 1px;*\/\n\t\t}\n\t\t.estilosDIV p{\n\t\t\ttext-align: justify;\n\t\t\tpadding: 10px 20px;\n\t\t}\n\t\t.boton-posts{\n\t\t\tborder-radius: 30px;\n\t\t\tletter-spacing: 1px;\n\t\t\tfont-size: 1rem;\n\t\t\tfont-weight: 700 !important;\n\t\t\tbackground-color: rgba(255, 255, 255, 0.6) !important;\n\t\t\tpadding: 10px 20px;\n\t\t\tfloat: right;\n\t\t\tmargin-right: 20px;\n\t\t}\n\t\t.boton-posts:hover{\n\t\t  box-shadow: 0 8px 16px 0 rgba(0,0,0,0.2), 0 6px 20px 0 rgba(0,0,0,0.19);\n\t\t }\n\t\t.imageDestacada {\n\t\t\tborder-radius: 20px 20px 0px 0px;\n\t\t\tmargin-bottom: 20px;\n\t\t}\n\t\t\n\t\t\t\t\t\n\t\t.card-categoria .titulo-fijo1 {\n\t\t\tposition: relative;\n\t\t\tz-index: 3;\n\t\t\tbackground: rgba(0, 0, 0, 0.5);\n\t\t\tcolor: white;\n\t\t\tfont-weight: bold;\n\t\t\tfont-size: 12px;\n\t\t\ttext-transform: uppercase;\n\t\t\ttext-align: center;\n\t\t\tpadding: 12px 10px;\n\t\t\tmargin-bottom: -32px;\n\t\t}\n\t\t\n\t\t.card-categoria:hover .descripcion-hover {\n    opacity: 1;\n}\n.card-categoria .descripcion-hover {\n    position: absolute;\n    inset: 0;\n    background-color: #901e4a;\n    color: white;\n    display: flex\n;\n    justify-content: center;\n    align-items: center;\n    text-align: center;\n    padding: 20px;\n    font-size: 15px;\n    line-height: 1.4;\n    opacity: 0;\n    z-index: 2;\n    transition: opacity 0.3s ease;\n}\n\t\t.card-categoria {\n    position: relative;\n    aspect-ratio: 1 \/ 1;\n    min-width: 250px;\n    min-height: 250px;\n    overflow: hidden;\n    border-radius: 10px;\n    display: flex;\n    flex-direction: column;\n    justify-content: flex-end;\n}\n.card-categoria img {\n    position: absolute;\n    top: 0;\n    left: 0;\n    width: 100%;\n    height: 100%;\n    object-fit: cover;\n    z-index: 1;\n    transition: transform 0.4s ease;\n}\n\n @media(max-width:600px){\n\t\t  .dos-columnas > div {\n\t\t\t\twidth: 48% !important;\n\t\t\t}\n\t\t\t.dos-columnas  { \n\t\t\t\tgap: 10px;\n\t\t\t}\n\t\t\t.card-categoria {\n\t\t\t\tmin-width: 130px !important;\n\t\t\t\tmin-height: 130px !important;\n\t\t\t}\n\t\t\t.descripcion-hover { display: none !important;}\n\t\t\t\n\t\t\t.card-categoria .titulo-fijo1 { line-height: 16px !important; }\n\t\t}\n\t\t  \n\t\t@media(max-width:981px){\n\t\t  .dos-columnas > div  { \n\t\t\twidth: 100%;\n\t\t\t}\n\t\t}\n\t\t\t\n\t\t\t\t\n\t\t<\/style><div class=\"dos-columnas\">\n\t\t\t\t \t\t\t\t<div class=\"card-categoria estilosDIV\">\n\t\t\t\t\t\t\t\t<a href=https:\/\/www.islandexcursionstenerife.com\/fr\/excursions\/teide-galaxy-by-night\/>\n\t\t\t\t\t\t\t  <img class=\"img-list\" decoding=\"async\" src=<img width=\"2127\" height=\"1409\" src=\"https:\/\/www.islandexcursionstenerife.com\/wp-content\/uploads\/2025\/12\/fondo_sup.jpg\" class=\"attachment-post-thumbnail size-post-thumbnail wp-post-image\" alt=\"\" decoding=\"async\" loading=\"lazy\" srcset=\"https:\/\/www.islandexcursionstenerife.com\/wp-content\/uploads\/2025\/12\/fondo_sup.jpg 2127w, https:\/\/www.islandexcursionstenerife.com\/wp-content\/uploads\/2025\/12\/fondo_sup-1280x848.jpg 1280w, https:\/\/www.islandexcursionstenerife.com\/wp-content\/uploads\/2025\/12\/fondo_sup-980x649.jpg 980w, https:\/\/www.islandexcursionstenerife.com\/wp-content\/uploads\/2025\/12\/fondo_sup-480x318.jpg 480w\" sizes=\"(min-width: 0px) and (max-width: 480px) 480px, (min-width: 481px) and (max-width: 980px) 980px, (min-width: 981px) and (max-width: 1280px) 1280px, (min-width: 1281px) 2127px, 100vw\" \/> \n\t\t\t\t\t\t\t  <div class=\"titulo-fijo1\">Teide Galaxy by night<\/div><div class=\"descripcion-hover\">Visitez le Teide de nuit et profitez d'une observation astronomique....<\/div>\n\t\t\t\t\t\t\t<\/a>\n\t\t\t\t\t\t\t<\/div>\n\t\t\t\t\t\t\t\n\t\t\t\t \t\t\t\t<div class=\"card-categoria estilosDIV\">\n\t\t\t\t\t\t\t\t<a href=https:\/\/www.islandexcursionstenerife.com\/fr\/excursions\/teide-by-night\/>\n\t\t\t\t\t\t\t  <img class=\"img-list\" decoding=\"async\" src=<img width=\"660\" height=\"715\" src=\"https:\/\/www.islandexcursionstenerife.com\/wp-content\/uploads\/2025\/11\/2025-09-03.png\" class=\"attachment-post-thumbnail size-post-thumbnail wp-post-image\" alt=\"\" decoding=\"async\" loading=\"lazy\" srcset=\"https:\/\/www.islandexcursionstenerife.com\/wp-content\/uploads\/2025\/11\/2025-09-03.png 660w, https:\/\/www.islandexcursionstenerife.com\/wp-content\/uploads\/2025\/11\/2025-09-03-480x520.png 480w\" sizes=\"(min-width: 0px) and (max-width: 480px) 480px, (min-width: 481px) 660px, 100vw\" \/> \n\t\t\t\t\t\t\t  <div class=\"titulo-fijo1\">Teide by night<\/div><div class=\"descripcion-hover\">Visitez le Teide de nuit et profitez d'une observation astronomique....<\/div>\n\t\t\t\t\t\t\t<\/a>\n\t\t\t\t\t\t\t<\/div>\n\t\t\t\t\t\t\t\n\t\t\t\t \t\t\t\t<div class=\"card-categoria estilosDIV\">\n\t\t\t\t\t\t\t\t<a href=https:\/\/www.islandexcursionstenerife.com\/fr\/excursions\/night-skies-tenerife\/>\n\t\t\t\t\t\t\t  <img class=\"img-list\" decoding=\"async\" src=<img width=\"1919\" height=\"1156\" src=\"https:\/\/www.islandexcursionstenerife.com\/wp-content\/uploads\/2022\/01\/Star_gazing_Teide-e1641834823330.jpg\" class=\"attachment-post-thumbnail size-post-thumbnail wp-post-image\" alt=\"\" decoding=\"async\" loading=\"lazy\" srcset=\"https:\/\/www.islandexcursionstenerife.com\/wp-content\/uploads\/2022\/01\/Star_gazing_Teide-e1641834823330.jpg 1919w, https:\/\/www.islandexcursionstenerife.com\/wp-content\/uploads\/2022\/01\/Star_gazing_Teide-e1641834823330-300x181.jpg 300w, https:\/\/www.islandexcursionstenerife.com\/wp-content\/uploads\/2022\/01\/Star_gazing_Teide-e1641834823330-768x463.jpg 768w, https:\/\/www.islandexcursionstenerife.com\/wp-content\/uploads\/2022\/01\/Star_gazing_Teide-e1641834823330-1030x620.jpg 1030w, https:\/\/www.islandexcursionstenerife.com\/wp-content\/uploads\/2022\/01\/Star_gazing_Teide-e1641834823330-1500x904.jpg 1500w, https:\/\/www.islandexcursionstenerife.com\/wp-content\/uploads\/2022\/01\/Star_gazing_Teide-e1641834823330-705x425.jpg 705w, https:\/\/www.islandexcursionstenerife.com\/wp-content\/uploads\/2022\/01\/Star_gazing_Teide-e1641834823330-450x271.jpg 450w\" sizes=\"(max-width: 1919px) 100vw, 1919px\" \/> \n\t\t\t\t\t\t\t  <div class=\"titulo-fijo1\">NIGHT SKIES TENERIFE<\/div><div class=\"descripcion-hover\">Night Sky Star Safari vous offre une fa\u00e7on amusante et passionnante d\u2019explorer notre Univers depuis les montagne...<\/div>\n\t\t\t\t\t\t\t<\/a>\n\t\t\t\t\t\t\t<\/div>\n\t\t\t\t\t\t\t\n\t\t\t\t \t\t\t\t<div class=\"card-categoria estilosDIV\">\n\t\t\t\t\t\t\t\t<a href=https:\/\/www.islandexcursionstenerife.com\/fr\/excursions\/teide-parc-national\/>\n\t\t\t\t\t\t\t  <img class=\"img-list\" decoding=\"async\" src=<img width=\"1888\" height=\"600\" src=\"https:\/\/www.islandexcursionstenerife.com\/wp-content\/uploads\/2018\/03\/teide.jpg\" class=\"attachment-post-thumbnail size-post-thumbnail wp-post-image\" alt=\"\" decoding=\"async\" loading=\"lazy\" srcset=\"https:\/\/www.islandexcursionstenerife.com\/wp-content\/uploads\/2018\/03\/teide.jpg 1888w, https:\/\/www.islandexcursionstenerife.com\/wp-content\/uploads\/2018\/03\/teide-980x311.jpg 980w, https:\/\/www.islandexcursionstenerife.com\/wp-content\/uploads\/2018\/03\/teide-480x153.jpg 480w\" sizes=\"(min-width: 0px) and (max-width: 480px) 480px, (min-width: 481px) and (max-width: 980px) 980px, (min-width: 981px) 1888px, 100vw\" \/> \n\t\t\t\t\t\t\t  <div class=\"titulo-fijo1\">TEIDE PARC NATIONAL<\/div><div class=\"descripcion-hover\">Nous viendrons vous chercher en bus \u00e0 votre arr\u00eat et nous prendrons la route vers le parc national du Teide en fa...<\/div>\n\t\t\t\t\t\t\t<\/a>\n\t\t\t\t\t\t\t<\/div>\n\t\t\t\t\t\t\t\n<script>\n    console.log('Inject Prices Loaded');\n    const pricesJson = {\"https:\\\/\\\/www.islandexcursionstenerife.com\\\/fr\\\/excursions\\\/teide-galaxy-by-night\\\/\":99,\"https:\\\/\\\/www.islandexcursionstenerife.com\\\/fr\\\/excursions\\\/teide-by-night\\\/\":89,\"https:\\\/\\\/www.islandexcursionstenerife.com\\\/fr\\\/excursions\\\/night-skies-tenerife\\\/\":89,\"https:\\\/\\\/www.islandexcursionstenerife.com\\\/fr\\\/excursions\\\/teide-parc-national\\\/\":39};\n\n    for (const [url, price] of Object.entries(pricesJson)) {\n        console.log(`URL: ${url} - Price: ${price}`);\n        \n        const linkElements = document.querySelectorAll(`a[href=\"${url}\"]`);\n        linkElements.forEach(link => {\n            const cardCategoria = link.closest('.card-categoria');\n            const tituloFijo1 = link.querySelector('.titulo-fijo1');\n\n            if (cardCategoria && tituloFijo1) {\n                \/\/ Crear elemento separado para el precio\n                const precioDesde = document.createElement('div');\n                precioDesde.className = 'precio-desde-badge';\n                precioDesde.innerHTML = `<span style=\"text-transform: uppercase; font-weight: bold;\">From <span style=\"color: #fefe31; font-size: 14px;\">${price.toFixed(2)}\u20ac<\/span><\/span>`;\n                \n                \/\/ Crear wrapper para contener la tarjeta y el precio\n                const wrapper = document.createElement('div');\n                wrapper.className = 'precio-card-wrapper';\n                \n                \/\/ Insertar el wrapper antes de la tarjeta\n                cardCategoria.parentNode.insertBefore(wrapper, cardCategoria);\n                \n                \/\/ Mover la tarjeta dentro del wrapper\n                wrapper.appendChild(cardCategoria);\n                \n                \/\/ A\u00f1adir el precio al wrapper\n                wrapper.appendChild(precioDesde);\n            }\n        });\n    }\n<\/script>\n\n<style>\n    .precio-card-wrapper {\n        position: relative;\n        display: inline-block;\n        width: min-content;\n    }\n\n    .card-categoria {\n        z-index: 2;\n    }\n    \n    .precio-desde-badge {\n        margin: 0 10px;\n        position: relative;\n        background: #901E4A;\n        color: white;\n        padding: 6px 8px;\n        text-align: center;\n        font-size: 12px;\n        z-index: 1;\n        border-radius: 0 0 8px 8px;\n    }\n<\/style><\/div>\n","protected":false},"author":1,"featured_media":0,"parent":11778,"menu_order":0,"comment_status":"closed","ping_status":"closed","template":"","meta":{"_et_pb_use_builder":"on","_et_pb_old_content":"","_et_gb_content_width":"","footnotes":""},"class_list":["post-11964","page","type-page","status-publish","hentry"],"aioseo_notices":[],"_links":{"self":[{"href":"https:\/\/www.islandexcursionstenerife.com\/fr\/wp-json\/wp\/v2\/pages\/11964","targetHints":{"allow":["GET"]}}],"collection":[{"href":"https:\/\/www.islandexcursionstenerife.com\/fr\/wp-json\/wp\/v2\/pages"}],"about":[{"href":"https:\/\/www.islandexcursionstenerife.com\/fr\/wp-json\/wp\/v2\/types\/page"}],"author":[{"embeddable":true,"href":"https:\/\/www.islandexcursionstenerife.com\/fr\/wp-json\/wp\/v2\/users\/1"}],"replies":[{"embeddable":true,"href":"https:\/\/www.islandexcursionstenerife.com\/fr\/wp-json\/wp\/v2\/comments?post=11964"}],"version-history":[{"count":4,"href":"https:\/\/www.islandexcursionstenerife.com\/fr\/wp-json\/wp\/v2\/pages\/11964\/revisions"}],"predecessor-version":[{"id":11982,"href":"https:\/\/www.islandexcursionstenerife.com\/fr\/wp-json\/wp\/v2\/pages\/11964\/revisions\/11982"}],"up":[{"embeddable":true,"href":"https:\/\/www.islandexcursionstenerife.com\/fr\/wp-json\/wp\/v2\/pages\/11778"}],"wp:attachment":[{"href":"https:\/\/www.islandexcursionstenerife.com\/fr\/wp-json\/wp\/v2\/media?parent=11964"}],"curies":[{"name":"wp","href":"https:\/\/api.w.org\/{rel}","templated":true}]}}