{"id":3498,"date":"2015-12-21T14:49:11","date_gmt":"2015-12-21T14:49:11","guid":{"rendered":"https:\/\/www.islandexcursionstenerife.com\/?page_id=3498"},"modified":"2020-10-16T17:15:08","modified_gmt":"2020-10-16T17:15:08","slug":"a-propos-de-nous","status":"publish","type":"page","link":"https:\/\/www.islandexcursionstenerife.com\/fr\/a-propos-de-nous\/","title":{"rendered":"\u00c0 propos de nous"},"content":{"rendered":"<p>[av_layerslider id=&rsquo;26&rsquo;]<\/p>\n<p>[av_section min_height=\u00a0\u00bb min_height_px=&rsquo;500px&rsquo; padding=&rsquo;default&rsquo; shadow=&rsquo;no-shadow&rsquo; bottom_border=&rsquo;no-border-styling&rsquo; id=&rsquo;sobre_nosotros&rsquo; color=&rsquo;main_color&rsquo; custom_bg=\u00a0\u00bb src=\u00a0\u00bb attachment=\u00a0\u00bb attachment_size=\u00a0\u00bb attach=&rsquo;scroll&rsquo; position=&rsquo;top left&rsquo; repeat=&rsquo;no-repeat&rsquo; video=\u00a0\u00bb video_ratio=&rsquo;16:9&prime; overlay_opacity=&rsquo;0.5&prime; overlay_color=\u00a0\u00bb overlay_pattern=\u00a0\u00bb overlay_custom_pattern=\u00a0\u00bb]<br \/>\n[av_three_fifth first]<\/p>\n<p>[av_textblock size=\u00a0\u00bb font_color=\u00a0\u00bb color=\u00a0\u00bb]<\/p>\n<p style=\"text-align: center;\"><strong>\u00c0 propos de nous<\/strong><\/p>\n<p style=\"text-align: center;\">Nous sommes une agence de voyage avec plus de 25 ans d&rsquo;exp\u00e9rience dans le secteur du tourisme. Pionniers dans l&rsquo;organisation d&rsquo;excursions r\u00e9guli\u00e8res, excursions priv\u00e9es, excursions VIP, excursions pour groupes d&rsquo;\u00e9tudiants, excursions pour personnes \u00e2g\u00e9es, transferts a\u00e9roport-h\u00f4tel, congr\u00e8s, groupes sp\u00e9ciaux, spectacles, parcs \u00e0 th\u00e8me, bateaux, sports nautiques, trekking et toutes sortes d&rsquo;activit\u00e9s pouvant \u00eatre r\u00e9alis\u00e9es sur l&rsquo;\u00eele.Nere Izerdie concentre tous ses efforts sur la garantie du meilleur service pour ses clients, de mani\u00e8re personnalis\u00e9e et en s&rsquo;adaptant \u00e0 tous les besoins. Nous sommes soucieux de la satisfaction du client, c&rsquo;est pourquoi nos produits sont in\u00e9gal\u00e9s tant pour la qualit\u00e9 de nos bus, que pour celle de nos guides, qui sont l&rsquo;\u00e2me de nos excursions. En eux, vous pourrez profiter des paysages volcaniques et exotiques typiques de cette \u00eele et de la chaleur de ses habitants.Notre objectif est le bien-\u00eatre du client, offrant la meilleure qualit\u00e9 et le meilleur service. Nous avons atteint et d\u00e9montr\u00e9 cet objectif ann\u00e9e apr\u00e8s ann\u00e9e avec notre d\u00e9termination et nos efforts pour \u00eatre les meilleurs.Nous voulons que les voyageurs se sentent choy\u00e9s et satisfaits de Nere Izerdie.<\/p>\n<p>[\/av_textblock]<\/p>\n<p>[\/av_three_fifth]<br \/>\n[\/av_section]<\/p>\n<p>[av_hr class=&rsquo;custom&rsquo; height=&rsquo;50&rsquo; shadow=&rsquo;no-shadow&rsquo; position=&rsquo;center&rsquo; custom_border=&rsquo;av-border-thin&rsquo; custom_width=&rsquo;100%&rsquo; custom_border_color=\u00a0\u00bb custom_margin_top=&rsquo;0&prime; custom_margin_bottom=&rsquo;0&prime; icon_select=&rsquo;yes&rsquo; custom_icon_color=\u00a0\u00bb icon=&rsquo;ue808&prime; font=&rsquo;entypo-fontello&rsquo;]<\/p>\n<p>[av_section min_height=\u00a0\u00bb min_height_px=&rsquo;500px&rsquo; padding=&rsquo;default&rsquo; shadow=&rsquo;no-shadow&rsquo; bottom_border=&rsquo;no-border-styling&rsquo; scroll_down=\u00a0\u00bb id=\u00a0\u00bb color=&rsquo;main_color&rsquo; custom_bg=\u00a0\u00bb src=\u00a0\u00bb attach=&rsquo;scroll&rsquo; position=&rsquo;top left&rsquo; repeat=&rsquo;no-repeat&rsquo; video=\u00a0\u00bb video_ratio=&rsquo;16:9&prime; video_mobile_disabled=\u00a0\u00bb overlay_enable=\u00a0\u00bb overlay_opacity=&rsquo;0.5&prime; overlay_color=\u00a0\u00bb overlay_pattern=\u00a0\u00bb overlay_custom_pattern=\u00a0\u00bb]<\/p>\n<p>[av_one_full first]<\/p>\n<p>[av_image src=&rsquo;https:\/\/www.islandexcursionstenerife.com\/wp-content\/uploads\/2015\/12\/2018_COE_Logos_white-bkg_translations_en-US-UK-80&#215;80.jpg&rsquo; attachment=&rsquo;5219&prime; attachment_size=&rsquo;thumbnail&rsquo; align=&rsquo;center&rsquo; animation=&rsquo;no-animation&rsquo; styling=\u00a0\u00bb hover=\u00a0\u00bb link=\u00a0\u00bb target=\u00a0\u00bb caption=\u00a0\u00bb font_size=\u00a0\u00bb appearance=\u00a0\u00bb overlay_opacity=&rsquo;0.4&prime; overlay_color=&rsquo;#000000&prime; overlay_text_color=&rsquo;#ffffff&rsquo;][\/av_image]<\/p>\n<p>[av_textblock size=\u00a0\u00bb font_color=\u00a0\u00bb color=\u00a0\u00bb]<\/p>\n<p style=\"text-align: center;\">Fier de recevoir des certificats d&rsquo;excellence de Tripadvisor<\/p>\n<p>[\/av_textblock]<\/p>\n<p>[\/av_one_full][\/av_section]<\/p>\n","protected":false},"excerpt":{"rendered":"<p>[av_layerslider id=&rsquo;26&rsquo;] [av_section min_height=\u00a0\u00bb min_height_px=&rsquo;500px&rsquo; padding=&rsquo;default&rsquo; shadow=&rsquo;no-shadow&rsquo; bottom_border=&rsquo;no-border-styling&rsquo; id=&rsquo;sobre_nosotros&rsquo; color=&rsquo;main_color&rsquo; custom_bg=\u00a0\u00bb src=\u00a0\u00bb attachment=\u00a0\u00bb attachment_size=\u00a0\u00bb attach=&rsquo;scroll&rsquo; position=&rsquo;top left&rsquo; repeat=&rsquo;no-repeat&rsquo; video=\u00a0\u00bb video_ratio=&rsquo;16:9&prime; overlay_opacity=&rsquo;0.5&prime; overlay_color=\u00a0\u00bb overlay_pattern=\u00a0\u00bb overlay_custom_pattern=\u00a0\u00bb] [av_three_fifth first] [av_textblock size=\u00a0\u00bb font_color=\u00a0\u00bb color=\u00a0\u00bb] \u00c0 propos de nous Nous sommes une agence de voyage avec plus de 25 ans d&rsquo;exp\u00e9rience dans le secteur du tourisme. Pionniers dans l&rsquo;organisation d&rsquo;excursions [&hellip;]<\/p>\n","protected":false},"author":1,"featured_media":0,"parent":0,"menu_order":0,"comment_status":"closed","ping_status":"closed","template":"","meta":{"_et_pb_use_builder":"on","_et_pb_old_content":"","_et_gb_content_width":"","footnotes":""},"class_list":["post-3498","page","type-page","status-publish","hentry"],"aioseo_notices":[],"_links":{"self":[{"href":"https:\/\/www.islandexcursionstenerife.com\/fr\/wp-json\/wp\/v2\/pages\/3498","targetHints":{"allow":["GET"]}}],"collection":[{"href":"https:\/\/www.islandexcursionstenerife.com\/fr\/wp-json\/wp\/v2\/pages"}],"about":[{"href":"https:\/\/www.islandexcursionstenerife.com\/fr\/wp-json\/wp\/v2\/types\/page"}],"author":[{"embeddable":true,"href":"https:\/\/www.islandexcursionstenerife.com\/fr\/wp-json\/wp\/v2\/users\/1"}],"replies":[{"embeddable":true,"href":"https:\/\/www.islandexcursionstenerife.com\/fr\/wp-json\/wp\/v2\/comments?post=3498"}],"version-history":[{"count":7,"href":"https:\/\/www.islandexcursionstenerife.com\/fr\/wp-json\/wp\/v2\/pages\/3498\/revisions"}],"predecessor-version":[{"id":5593,"href":"https:\/\/www.islandexcursionstenerife.com\/fr\/wp-json\/wp\/v2\/pages\/3498\/revisions\/5593"}],"wp:attachment":[{"href":"https:\/\/www.islandexcursionstenerife.com\/fr\/wp-json\/wp\/v2\/media?parent=3498"}],"curies":[{"name":"wp","href":"https:\/\/api.w.org\/{rel}","templated":true}]}}